{"id":1401,"date":"2019-11-19T16:44:18","date_gmt":"2019-11-19T15:44:18","guid":{"rendered":"https:\/\/curimo.pt\/page\/?page_id=1401"},"modified":"2019-11-19T17:04:16","modified_gmt":"2019-11-19T16:04:16","slug":"politica-de-privacidade","status":"publish","type":"page","link":"https:\/\/curimo.pt\/page\/politica-de-privacidade\/","title":{"rendered":"Pol\u00edtica de privacidade"},"content":{"rendered":"<p>Na CURIMO, valorizamos e atribu\u00edmos a m\u00e1xima import\u00e2ncia \u00e0 confian\u00e7a que deposita em n\u00f3s e garantimos que os seus dados pessoais se encontram em seguran\u00e7a e s\u00e3o processados com total privacidade, confidencialidade e transpar\u00eancia, os quais s\u00e3o elementos fulcrais na rela\u00e7\u00e3o de confian\u00e7a que estabelecemos com os nossos Clientes.<br \/>O tratamento dos seus dados pessoais permite, entre outras finalidades, o desenvolvimento e a\u00a0 comercializa\u00e7\u00e3o direta dos produtos e servi\u00e7os que acreditamos serem os mais adequados ao perfil e necessidades de cada Cliente.<br \/>Por outro lado, permite ainda tratar os seus dados pessoais no \u00e2mbito da sua candidatura em processos de recrutamentos atuais e\/ou futuros. O seu consentimento \u00e9 um requisito necess\u00e1rio para a sua inclus\u00e3o em processos de recrutamentos, caso n\u00e3o aceite, n\u00e3o ser\u00e1 poss\u00edvel considerar a sua candidatura.<br \/>A presente Pol\u00edtica de Privacidade estabelece a forma como a CURIMO utiliza os dados pessoais dos seus atuais e potenciais Clientes e Candidatos, sendo composta pelas seguintes sec\u00e7\u00f5es:<\/p>\n<p>Quem \u00e9 respons\u00e1vel pelo tratamento dos seus dados pessoais<br \/>A CURIMO controla e \u00e9 respons\u00e1vel pelo tratamento dos seus dados pessoais. Qualquer quest\u00e3o sobre a nossa Pol\u00edtica de Privacidade, por favor, n\u00e3o hesite em contactar-nos.<\/p>\n<p>CURIMO, LDA<br \/>Rua M\u00e1rio S\u00e1 Carneiro, n.\u00ba 3 2925-574 Azeit\u00e3o<br \/>Telefone: 212 197 200<br \/>Fax: 212 197 208<br \/>Email: geral@curimo.pt<\/p>\n<p>Tratamento e Destinat\u00e1rios dos Dados<br \/>Esta Pol\u00edtica da Privacidade aplica-se aos dados pessoais fornecidos aquando do seu pedido de informa\u00e7\u00e3o sobre produtos e\/ou servi\u00e7os ou no decorrer da sua candidatura aos processos de recrutamento existentes. Pode ser recolhida atrav\u00e9s de formul\u00e1rios de contactos ou de inscri\u00e7\u00e3o em processos de recrutamento. As informa\u00e7\u00f5es que forne\u00e7a nestes \u00e2mbitos, ou seja, nome, morada, e-mail, telefone, Curriculum, etc\u2026ser\u00e3o mantidos em seguran\u00e7a atrav\u00e9s de restri\u00e7\u00f5es de acesso, utiliza\u00e7\u00e3o de passwords, encripta\u00e7\u00e3o e utiliza\u00e7\u00e3o de antiv\u00edrus. Ser\u00e3o apenas partilhados com as entidades oficiais obrigat\u00f3rias e parceiros de contabilidade, Seguros e Medicina no Trabalho, os dados pessoais que decorram de processos de admiss\u00e3o no quadro de pessoal da empresa.<\/p>\n<p>Conserva\u00e7\u00e3o dos Dados<br \/>Os seus dados comerciais ser\u00e3o conservados at\u00e9 2 anos ap\u00f3s a vig\u00eancia de contractos ou emiss\u00e3o de propostas comerciais. Na \u00e1rea de recrutamento e sele\u00e7\u00e3o de pessoal ser\u00e3o conservados pelo per\u00edodo de tr\u00eas anos ap\u00f3s a sua \u00faltima utiliza\u00e7\u00e3o.<\/p>\n<p>Direitos do Titular dos Dados<br \/>Nos termos da lei tem o direito de:<br \/>\u2013 Acesso, retifica\u00e7\u00e3o, apagamento e portabilidade dos dados, bem como limita\u00e7\u00e3o e oposi\u00e7\u00e3o do tratamento.<br \/>\u2013 Retirar ou alterar o presente consentimento em qualquer altura sem comprometer a licitude do tratamento efetuado com base no consentimento previamente dado, atrav\u00e9s do envio de mail para: geral@curimo.pt<br \/>\u2013 Apresentar reclama\u00e7\u00e3o \u00e0 Comiss\u00e3o Nacional de Prote\u00e7\u00e3o de Dados.<br \/>Caso esteja insatisfeito com a nossa utiliza\u00e7\u00e3o dos seus dados pessoais ou com a nossa resposta ap\u00f3s o exerc\u00edcio de algum destes direitos, tem o direito de apresentar reclama\u00e7\u00e3o junto da sua autoridade de controlo (Comiss\u00e3o Nacional de Prote\u00e7\u00e3o de Dados \u2013 CNPD | Rua de S\u00e3o Bento, n.\u00ba 148, 3\u00ba, 1200-821 Lisboa | Tel: 351 213928400 | Fax: +351 213976832 | e-mail: geral@cnpd.pt).<\/p>\n<p>Modifica\u00e7\u00f5es<br \/>A CURIMO reserva-se ao direito de modificar ou retificar esta Pol\u00edtica de Privacidade em qualquer altura. A data efetiva desta Pol\u00edtica de Privacidade \u00e9 a que consta no final deste aviso. Solicitamos-lhe que a consulte periodicamente.<\/p>\n<p>\u00daltima atualiza\u00e7\u00e3o: 13-11-2019.<\/p>\n","protected":false},"excerpt":{"rendered":"<p>Na CURIMO, valorizamos e atribu\u00edmos a m\u00e1xima import\u00e2ncia \u00e0 confian\u00e7a que deposita em n\u00f3s e garantimos que os seus dados pessoais se encontram em seguran\u00e7a e s\u00e3o processados com total privacidade, confidencialidade e transpar\u00eancia, os quais s\u00e3o elementos fulcrais na rela\u00e7\u00e3o de confian\u00e7a que estabelecemos com os nossos Clientes.O tratamento dos seus dados pessoais permite,&#8230;<\/p>\n","protected":false},"author":1,"featured_media":0,"parent":0,"menu_order":0,"comment_status":"closed","ping_status":"closed","template":"","meta":{"footnotes":""},"_links":{"self":[{"href":"https:\/\/curimo.pt\/page\/wp-json\/wp\/v2\/pages\/1401"}],"collection":[{"href":"https:\/\/curimo.pt\/page\/wp-json\/wp\/v2\/pages"}],"about":[{"href":"https:\/\/curimo.pt\/page\/wp-json\/wp\/v2\/types\/page"}],"author":[{"embeddable":true,"href":"https:\/\/curimo.pt\/page\/wp-json\/wp\/v2\/users\/1"}],"replies":[{"embeddable":true,"href":"https:\/\/curimo.pt\/page\/wp-json\/wp\/v2\/comments?post=1401"}],"version-history":[{"count":7,"href":"https:\/\/curimo.pt\/page\/wp-json\/wp\/v2\/pages\/1401\/revisions"}],"predecessor-version":[{"id":1410,"href":"https:\/\/curimo.pt\/page\/wp-json\/wp\/v2\/pages\/1401\/revisions\/1410"}],"wp:attachment":[{"href":"https:\/\/curimo.pt\/page\/wp-json\/wp\/v2\/media?parent=1401"}],"curies":[{"name":"wp","href":"https:\/\/api.w.org\/{rel}","templated":true}]}}