{"id":766,"date":"2017-09-21T16:14:02","date_gmt":"2017-09-21T15:14:02","guid":{"rendered":"https:\/\/curimo.pt\/page\/?page_id=766"},"modified":"2017-09-21T16:14:02","modified_gmt":"2017-09-21T15:14:02","slug":"sid","status":"publish","type":"page","link":"https:\/\/curimo.pt\/page\/","title":{"rendered":"CURIMO"},"content":{"rendered":"<div id=\"pl-766\" class=\"panel-layout\">\n<div id=\"pg-766-0\" class=\"panel-grid panel-has-style\">\n<div style=\"padding: 100px 0\" class=\"panel-row-style panel-row-style-for-766-0\">\n<div id=\"pgc-766-0-0\" class=\"panel-grid-cell\">\n<div id=\"panel-766-0-0-0\" class=\"so-panel widget widget_siteorigin-panels-builder panel-first-child panel-last-child\">\n<div style=\"text-align: left\" class=\"panel-widget-style panel-widget-style-for-766-0-0-0\">\n<div id=\"pl-w59c51d0005119\" class=\"panel-layout\">\n<div id=\"pg-w59c51d0005119-0\" class=\"panel-grid panel-has-style\">\n<div class=\"siteorigin-panels-stretch panel-row-style panel-row-style-for-w59c51d0005119-0\" style=\"padding: 100px 0\">\n<div id=\"pgc-w59c51d0005119-0-0\" class=\"panel-grid-cell\">\n<div id=\"panel-w59c51d0005119-0-0-0\" class=\"so-panel widget widget_sow-hero panel-first-child panel-last-child\">\n<div style=\"text-align: left\" class=\"panel-widget-style panel-widget-style-for-w59c51d0005119-0-0-0\">\n<div class=\"so-widget-sow-hero so-widget-sow-hero-default-b4adae49621a so-widget-fittext-wrapper\">\n<div class=\"sow-slider-base \">\n<ul class=\"sow-slider-images\">\n<li class=\"sow-slider-image  sow-slider-image-cover\" style=\"background-color: #222222\">\n<div class=\"sow-slider-image-container\">\n<div class=\"sow-slider-image-wrapper\">\n<h1 style=\"text-align: center\">CURIMO<\/h1>\n<p style=\"text-align: center\">A Curimo foi fundada em 1995.<\/p>\n<p>Possui uma equipa experiente, composta por t\u00e9cnicos qualificados co\u00a0 diferentes graus de forma\u00e7\u00e3o e especializa\u00e7\u00e3o.<\/p>\n<div class=\"sow-hero-buttons\" style=\"text-align: center\">\n<div class=\"so-widget-sow-button so-widget-sow-button-flat-356fe033058c\">\n<div class=\"ow-button-base ow-button-align-center\">\n\t<a href=\"https:\/\/curimo.pt\/page\/#contact\" class=\" ow-button-hover\"><br \/>\n\t\t<span><\/p>\n<p>\t\t\tFALE CONNOSCO\t\t<\/span><br \/>\n\t<\/a>\n<\/div>\n<\/div>\n<\/div><\/div>\n<\/p><\/div>\n<div class=\"sow-slider-image-overlay sow-slider-image-cover\"><\/div>\n<\/li>\n<li class=\"sow-slider-image\" style=\"background-color: #333333\">\n<div class=\"sow-slider-image-container\">\n<div class=\"sow-slider-image-wrapper\">\n<h1 style=\"text-align: center\">CURIMO<\/h1>\n<p style=\"text-align: center\">A Curimo presta servi\u00e7os de&#8230;.<\/p>\n<div class=\"sow-hero-buttons\" style=\"text-align: center\">\n<div class=\"so-widget-sow-button so-widget-sow-button-flat-68fa74e3b996\">\n<div class=\"ow-button-base ow-button-align-center\">\n\t<a href=\"#\" class=\" ow-button-hover\"><br \/>\n\t\t<span><\/p>\n<p>\t\t\tSERVI\u00c7OS\t\t<\/span><br \/>\n\t<\/a>\n<\/div>\n<\/div>\n<div class=\"so-widget-sow-button so-widget-sow-button-flat-e89e35c5c05d\">\n<div class=\"ow-button-base ow-button-align-center\">\n\t<a href=\"#\" class=\" ow-button-hover\"><br \/>\n\t\t<span><\/p>\n<p>\t\t\tbbbbb\t\t<\/span><br \/>\n\t<\/a>\n<\/div>\n<\/div>\n<\/div><\/div>\n<\/p><\/div>\n<\/li>\n<\/ul>\n<ol class=\"sow-slider-pagination\">\n<li><a href=\"#\">1<\/a><\/li>\n<li><a href=\"#\">2<\/a><\/li>\n<\/ol>\n<div class=\"sow-slide-nav sow-slide-nav-next\">\n\t\t\t\t\t<a href=\"#\"><br \/>\n\t\t\t\t\t\t<em class=\"sow-sld-icon-thin-right\"><\/em><br \/>\n\t\t\t\t\t<\/a>\n\t\t\t\t<\/div>\n<div class=\"sow-slide-nav sow-slide-nav-prev\">\n\t\t\t\t\t<a href=\"#\"><br \/>\n\t\t\t\t\t\t<em class=\"sow-sld-icon-thin-left\"><\/em><br \/>\n\t\t\t\t\t<\/a>\n\t\t\t\t<\/div>\n<\/p><\/div>\n<\/div>\n<\/div>\n<\/div>\n<\/div>\n<\/div>\n<\/div>\n<div id=\"pg-w59c51d0005119-1\" class=\"panel-grid panel-has-style\">\n<div style=\"padding: 10% 0% 10% 0% 0\" id=\"services\" class=\"panel-row-style panel-row-style-for-w59c51d0005119-1\">\n<div id=\"pgc-w59c51d0005119-1-0\" class=\"panel-grid-cell\">\n<div id=\"panel-w59c51d0005119-1-0-0\" class=\"so-panel widget widget_sow-headline panel-first-child\">\n<div style=\"text-align: left\" class=\"panel-widget-style panel-widget-style-for-w59c51d0005119-1-0-0\">\n<div class=\"so-widget-sow-headline so-widget-sow-headline-default-af3abe7b9627\">\n<div class=\"sow-headline-container \">\n<h1 class='sow-headline'>SERVI\u00c7OS<\/h1>\n<p class='sow-sub-headline'>servi\u00e7os CURIMO&#8230;.<\/p>\n<\/div>\n<\/div>\n<\/div>\n<\/div>\n<div id=\"panel-w59c51d0005119-1-0-1\" class=\"so-panel widget widget_sow-features panel-last-child\">\n<div style=\"text-align: left\" class=\"panel-widget-style panel-widget-style-for-w59c51d0005119-1-0-1\">\n<div class=\"so-widget-sow-features so-widget-sow-features-default-f5fa35e71ed8\">\n<div class=\"sow-features-list sow-features-responsive\">\n<div class=\"sow-features-feature sow-icon-container-position-top sow-features-feature-last-row\" style=\"width: 25%\">\n<div class=\"sow-icon-container sow-container-none\" style=\"color: #404040\" title=\"SERVI\u00c7OS 1\">\n<div class=\"sow-icon-image\"><\/div>\n<\/p><\/div>\n<div class=\"textwidget\">\n<h5>\n\t\t\t\t\t\t\t\t\t\t\t\t\t\tSERVI\u00c7OS 1\t\t\t\t\t\t\t\t\t\t\t\t\t<\/h5>\n<p>Lorem ipsum dolor sit amet, consectetur adipiscing elit. Cur tantas regiones barbarorum pedibus obiit, tot maria transmisit.<\/p>\n<\/p><\/div>\n<\/p><\/div>\n<div class=\"sow-features-feature sow-icon-container-position-top sow-features-feature-last-row\" style=\"width: 25%\">\n<div class=\"sow-icon-container sow-container-none\" style=\"color: #404040\" title=\"STRATEGIC PLANNING\">\n\t\t\t\t\t<span class=\"sow-icon-elegantline\" style=\"font-size: 65px;color: #404040\"><\/span>\t\t\t\t<\/div>\n<div class=\"textwidget\">\n<h5>\n\t\t\t\t\t\t\t\t\t\t\t\t\t\tSTRATEGIC PLANNING\t\t\t\t\t\t\t\t\t\t\t\t\t<\/h5>\n<p>Lorem ipsum dolor sit amet, consectetur adipiscing elit. Cur tantas regiones barbarorum pedibus obiit, tot maria transmisit.<\/p>\n<\/p><\/div>\n<\/p><\/div>\n<div class=\"sow-features-feature sow-icon-container-position-top sow-features-feature-last-row\" style=\"width: 25%\">\n<div class=\"sow-icon-container sow-container-none\" style=\"color: #404040\" title=\"RESOURCES PLANNING\">\n\t\t\t\t\t<span class=\"sow-icon-elegantline\" style=\"font-size: 65px;color: #404040\"><\/span>\t\t\t\t<\/div>\n<div class=\"textwidget\">\n<h5>\n\t\t\t\t\t\t\t\t\t\t\t\t\t\tRESOURCES PLANNING\t\t\t\t\t\t\t\t\t\t\t\t\t<\/h5>\n<p>Lorem ipsum dolor sit amet, consectetur adipiscing elit. Cur tantas regiones barbarorum pedibus obiit, tot maria transmisit.<\/p>\n<\/p><\/div>\n<\/p><\/div>\n<div class=\"sow-features-feature sow-icon-container-position-top sow-features-feature-last-row\" style=\"width: 25%\">\n<div class=\"sow-icon-container sow-container-none\" style=\"color: #404040\" title=\"CONFLICT MANAGEMENT\">\n\t\t\t\t\t<span class=\"sow-icon-elegantline\" style=\"font-size: 65px;color: #404040\"><\/span>\t\t\t\t<\/div>\n<div class=\"textwidget\">\n<h5>\n\t\t\t\t\t\t\t\t\t\t\t\t\t\tCONFLICT MANAGEMENT\t\t\t\t\t\t\t\t\t\t\t\t\t<\/h5>\n<p>Lorem ipsum dolor sit amet, consectetur adipiscing elit. Cur tantas regiones barbarorum pedibus obiit, tot maria transmisit.<\/p>\n<\/p><\/div>\n<\/p><\/div>\n<\/div>\n<\/div>\n<\/div>\n<\/div>\n<\/div>\n<\/div>\n<\/div>\n<div id=\"pg-w59c51d0005119-2\" class=\"panel-grid panel-has-style\">\n<div class=\"siteorigin-panels-stretch 45px0px45px0px panel-row-style panel-row-style-for-w59c51d0005119-2\" style=\"padding: 10% 0% 10% 0% 0\" id=\"statistics\">\n<div id=\"pgc-w59c51d0005119-2-0\" class=\"panel-grid-cell\">\n<div id=\"panel-w59c51d0005119-2-0-0\" class=\"so-panel widget widget_sow-headline panel-first-child panel-last-child\">\n<div class=\"so-widget-sow-headline so-widget-sow-headline-default-e2dd8ce0155e\">\n<div class=\"sow-headline-container \">\n<h1 class='sow-headline'>2,785<\/h1>\n<p class='sow-sub-headline'>Leaders Trained<\/p>\n<\/div>\n<\/div>\n<\/div>\n<\/div>\n<div id=\"pgc-w59c51d0005119-2-1\" class=\"panel-grid-cell\">\n<div id=\"panel-w59c51d0005119-2-1-0\" class=\"so-panel widget widget_sow-headline panel-first-child panel-last-child\">\n<div class=\"so-widget-sow-headline so-widget-sow-headline-default-e2dd8ce0155e\">\n<div class=\"sow-headline-container \">\n<h1 class='sow-headline'>1,378<\/h1>\n<p class='sow-sub-headline'>Satisfied Clients<\/p>\n<\/div>\n<\/div>\n<\/div>\n<\/div>\n<div id=\"pgc-w59c51d0005119-2-2\" class=\"panel-grid-cell\">\n<div id=\"panel-w59c51d0005119-2-2-0\" class=\"so-panel widget widget_sow-headline panel-first-child panel-last-child\">\n<div class=\"so-widget-sow-headline so-widget-sow-headline-default-e2dd8ce0155e\">\n<div class=\"sow-headline-container \">\n<h1 class='sow-headline'>21<\/h1>\n<p class='sow-sub-headline'>Awards Won<\/p>\n<\/div>\n<\/div>\n<\/div>\n<\/div>\n<div id=\"pgc-w59c51d0005119-2-3\" class=\"panel-grid-cell\">\n<div id=\"panel-w59c51d0005119-2-3-0\" class=\"so-panel widget widget_sow-headline panel-first-child panel-last-child\">\n<div style=\"text-align: left\" class=\"panel-widget-style panel-widget-style-for-w59c51d0005119-2-3-0\">\n<div class=\"so-widget-sow-headline so-widget-sow-headline-default-e2dd8ce0155e\">\n<div class=\"sow-headline-container \">\n<h1 class='sow-headline'>20<\/h1>\n<p class='sow-sub-headline'>Consultants<\/p>\n<\/div>\n<\/div>\n<\/div>\n<\/div>\n<\/div>\n<\/div>\n<\/div>\n<div id=\"pg-w59c51d0005119-3\" class=\"panel-grid panel-has-style\">\n<div class=\"siteorigin-panels-stretch 45px0px45px0px panel-row-style panel-row-style-for-w59c51d0005119-3\" style=\"padding: 10% 0% 10% 0% 0\" id=\"testimonials\">\n<div id=\"pgc-w59c51d0005119-3-0\" class=\"panel-grid-cell\">\n<div id=\"panel-w59c51d0005119-3-0-0\" class=\"so-panel widget widget_sow-headline panel-first-child\">\n<div class=\"so-widget-sow-headline so-widget-sow-headline-default-2a74c3bceb72\">\n<div class=\"sow-headline-container \">\n<h1 class='sow-headline'><b>WHAT<\/b> THEY SAY&#8230;<\/h1>\n<p class='sow-sub-headline'>What are our clients are saying about us?<\/p>\n<\/div>\n<\/div>\n<\/div>\n<div id=\"panel-w59c51d0005119-3-0-1\" class=\"so-panel widget panel-last-child\">\n<div class=\"panel-widget-style panel-widget-style-for-w59c51d0005119-3-0-1\"><\/div>\n<\/div>\n<\/div>\n<\/div>\n<\/div>\n<div id=\"pg-w59c51d0005119-4\" class=\"panel-grid panel-has-style\">\n<div class=\"siteorigin-panels-stretch 45px0px45px0px panel-row-style panel-row-style-for-w59c51d0005119-4\" style=\"padding: 10% 0% 10% 0% 0\" id=\"blog\">\n<div id=\"pgc-w59c51d0005119-4-0\" class=\"panel-grid-cell\">\n<div id=\"panel-w59c51d0005119-4-0-0\" class=\"so-panel widget widget_sow-headline panel-first-child\">\n<div class=\"so-widget-sow-headline so-widget-sow-headline-default-2a74c3bceb72\">\n<div class=\"sow-headline-container \">\n<h1 class='sow-headline'><b>NEW<\/b> FROM THE BLOG&#8230;<\/h1>\n<p class='sow-sub-headline'>Praesent vestibulum molestie lacus. Aenean nonummy hendrerit mauris<\/p>\n<\/div>\n<\/div>\n<\/div>\n<div id=\"panel-w59c51d0005119-4-0-1\" class=\"so-panel widget widget_sow-post-carousel panel-last-child\">\n<div class=\"panel-widget-style panel-widget-style-for-w59c51d0005119-4-0-1\">\n<div class=\"so-widget-sow-post-carousel so-widget-sow-post-carousel-default-971e41e9e54d\">\n<div class=\"sow-carousel-title\">\n<p>\t\t<a href=\"#\" class=\"sow-carousel-next\" title=\"Next\"><\/a><br \/>\n\t\t<a href=\"#\" class=\"sow-carousel-previous\" title=\"Previous\"><\/a>\n\t<\/div>\n<div class=\"sow-carousel-container\">\n<p>\t\t<a href=\"#\" class=\"sow-carousel-previous\" title=\"Previous\"><\/a><\/p>\n<p>\t\t<a href=\"#\" class=\"sow-carousel-next\" title=\"Next\"><\/a><\/p>\n<div class=\"sow-carousel-wrapper\">\n<ul class=\"sow-carousel-items\">\n<li class=\"sow-carousel-item\">\n<div class=\"sow-carousel-thumbnail\">\n\t\t\t\t\t\t\t<a href=\"https:\/\/curimo.pt\/page\/blog\/ar-condicionado\/\"><br \/>\n\t\t\t\t\t<span class=\"overlay\"><\/span><br \/>\n\t\t\t\t<\/a>\n\t\t\t\t\t<\/div>\n<h3><a href=\"https:\/\/curimo.pt\/page\/blog\/ar-condicionado\/\">Ar condicionado<\/a><\/h3>\n<\/li>\n<li class=\"sow-carousel-item\">\n<div class=\"sow-carousel-thumbnail\">\n\t\t\t\t\t\t\t<a href=\"https:\/\/curimo.pt\/page\/blog\/seguranca-e-saude-do-trabalho\/\"><br \/>\n\t\t\t\t\t<span class=\"overlay\"><\/span><br \/>\n\t\t\t\t<\/a>\n\t\t\t\t\t<\/div>\n<h3><a href=\"https:\/\/curimo.pt\/page\/blog\/seguranca-e-saude-do-trabalho\/\">Alvar\u00e1 de Constru\u00e7\u00e3o<\/a><\/h3>\n<\/li>\n<li class=\"sow-carousel-item\">\n<div class=\"sow-carousel-thumbnail\">\n\t\t\t\t\t\t\t<a href=\"https:\/\/curimo.pt\/page\/blog\/et-02-gases-fluorados\/\"><br \/>\n\t\t\t\t\t<span class=\"overlay\"><\/span><br \/>\n\t\t\t\t<\/a>\n\t\t\t\t\t<\/div>\n<h3><a href=\"https:\/\/curimo.pt\/page\/blog\/et-02-gases-fluorados\/\">Certificado de Qualidade<\/a><\/h3>\n<\/li>\n<li class=\"sow-carousel-item\">\n<div class=\"sow-carousel-thumbnail\">\n\t\t\t\t\t\t\t<a href=\"https:\/\/curimo.pt\/page\/blog\/anpc\/\"><br \/>\n\t\t\t\t\t<span class=\"overlay\"><\/span><br \/>\n\t\t\t\t<\/a>\n\t\t\t\t\t<\/div>\n<h3><a href=\"https:\/\/curimo.pt\/page\/blog\/anpc\/\">Registo na ANPC<\/a><\/h3>\n<\/li>\n<li class=\"sow-carousel-item\">\n<div class=\"sow-carousel-thumbnail\">\n\t\t\t\t\t\t\t<a href=\"https:\/\/curimo.pt\/page\/blog\/alvara-de-construcao\/\"><br \/>\n\t\t\t\t\t<span class=\"overlay\"><\/span><br \/>\n\t\t\t\t<\/a>\n\t\t\t\t\t<\/div>\n<h3><a href=\"https:\/\/curimo.pt\/page\/blog\/alvara-de-construcao\/\">Certificado de Seguran\u00e7a e Sa\u00fade do Trabalho<\/a><\/h3>\n<\/li>\n<li class=\"sow-carousel-item\">\n<div class=\"sow-carousel-thumbnail\">\n\t\t\t\t\t\t\t<a href=\"https:\/\/curimo.pt\/page\/blog\/tecnica\/\"><br \/>\n\t\t\t\t\t<span class=\"overlay\"><\/span><br \/>\n\t\t\t\t<\/a>\n\t\t\t\t\t<\/div>\n<h3><a href=\"https:\/\/curimo.pt\/page\/blog\/tecnica\/\">T\u00e9cnica<\/a><\/h3>\n<\/li>\n<li class=\"sow-carousel-item\">\n<div class=\"sow-carousel-thumbnail\">\n\t\t\t\t\t\t\t<a href=\"https:\/\/curimo.pt\/page\/blog\/financeira\/\"><br \/>\n\t\t\t\t\t<span class=\"overlay\"><\/span><br \/>\n\t\t\t\t<\/a>\n\t\t\t\t\t<\/div>\n<h3><a href=\"https:\/\/curimo.pt\/page\/blog\/financeira\/\">Financeira<\/a><\/h3>\n<\/li>\n<li class=\"sow-carousel-item\">\n<div class=\"sow-carousel-thumbnail\">\n\t\t\t\t\t\t\t<a href=\"https:\/\/curimo.pt\/page\/blog\/administrativa\/\"><br \/>\n\t\t\t\t\t<span class=\"overlay\"><\/span><br \/>\n\t\t\t\t<\/a>\n\t\t\t\t\t<\/div>\n<h3><a href=\"https:\/\/curimo.pt\/page\/blog\/administrativa\/\">Administrativa<\/a><\/h3>\n<\/li>\n<li class=\"sow-carousel-item\">\n<div class=\"sow-carousel-thumbnail\">\n\t\t\t\t\t\t\t<a href=\"https:\/\/curimo.pt\/page\/blog\/preventiva\/\"><br \/>\n\t\t\t\t\t<span class=\"overlay\"><\/span><br \/>\n\t\t\t\t<\/a>\n\t\t\t\t\t<\/div>\n<h3><a href=\"https:\/\/curimo.pt\/page\/blog\/preventiva\/\">Preventiva<\/a><\/h3>\n<\/li>\n<li class=\"sow-carousel-item\">\n<div class=\"sow-carousel-thumbnail\">\n\t\t\t\t\t\t\t<a href=\"https:\/\/curimo.pt\/page\/blog\/np-en-iso-90012008\/\"><br \/>\n\t\t\t\t\t<span class=\"overlay\"><\/span><br \/>\n\t\t\t\t<\/a>\n\t\t\t\t\t<\/div>\n<h3><a href=\"https:\/\/curimo.pt\/page\/blog\/np-en-iso-90012008\/\">Certificado de Gases Fluorados<\/a><\/h3>\n<\/li>\n<\/ul><\/div>\n<\/p><\/div>\n<\/div>\n<\/div>\n<\/div>\n<\/div>\n<\/div>\n<\/div>\n<div id=\"pg-w59c51d0005119-5\" class=\"panel-grid panel-has-style\">\n<div class=\"siteorigin-panels-stretch panel-row-style panel-row-style-for-w59c51d0005119-5\" style=\"padding: 20% 0% 20% 0% 0\" id=\"parallax\">\n<div id=\"pgc-w59c51d0005119-5-0\" class=\"panel-grid-cell\">\n<div id=\"panel-w59c51d0005119-5-0-0\" class=\"so-panel widget widget_sow-headline panel-first-child panel-last-child\">\n<div style=\"text-align: left\" class=\"panel-widget-style panel-widget-style-for-w59c51d0005119-5-0-0\">\n<div class=\"so-widget-sow-headline so-widget-sow-headline-default-56abfd20414e\">\n<div class=\"sow-headline-container \">\n<h1 class='sow-headline'>Optimizing every area of your business!<\/h1>\n<h3 class='sow-sub-headline'>From market research, design and prototyping to production and delivery, we cover it all.<\/h3>\n<\/div>\n<\/div>\n<\/div>\n<\/div>\n<\/div>\n<\/div>\n<\/div>\n<div id=\"pg-w59c51d0005119-6\" class=\"panel-grid panel-has-style\">\n<div style=\"padding: 10% 0% 10% 0% 0\" id=\"contact\" class=\"panel-row-style panel-row-style-for-w59c51d0005119-6\">\n<div id=\"pgc-w59c51d0005119-6-0\" class=\"panel-grid-cell\">\n<div id=\"panel-w59c51d0005119-6-0-0\" class=\"so-panel widget widget_sow-headline panel-first-child\">\n<div style=\"text-align: left\" class=\"panel-widget-style panel-widget-style-for-w59c51d0005119-6-0-0\">\n<div class=\"so-widget-sow-headline so-widget-sow-headline-default-b0254c6b60d9\">\n<div class=\"sow-headline-container \">\n<h1 class='sow-headline'><b>CONTACTOS<\/b><\/h1>\n<p class='sow-sub-headline'>To arrange a consultation or workshop, send us a message. <\/p>\n<\/div>\n<\/div>\n<\/div>\n<\/div>\n<div id=\"panel-w59c51d0005119-6-0-1\" class=\"so-panel widget widget_sow-contact-form panel-last-child\">\n<div style=\"text-align: left\" class=\"panel-widget-style panel-widget-style-for-w59c51d0005119-6-0-1\">\n<div class=\"so-widget-sow-contact-form so-widget-sow-contact-form-default-384a86a3577c\">\n<form action=\"\/wp\/wp-admin\/post.php#contact-form-b2a1\" method=\"POST\" class=\"sow-contact-form\" id=\"contact-form-b2a1\">\n<div class=\"sow-form-field sow-form-field-name\"><label class=\"sow-form-field-label-above\" for=\"sow-contact-form-field-your-name-5873e77c1f309\"><strong>Your Name<\/strong><\/label><br \/>\n\t\t\t<span class=\"sow-field-container\"><br \/>\n\t\t<\/span><\/div>\n<div class=\"sow-form-field sow-form-field-email\"><label class=\"sow-form-field-label-above\" for=\"sow-contact-form-field-your-email-5873e77c1f309\"><strong>Your Email<\/strong><\/label><br \/>\n\t\t\t<span class=\"sow-field-container\"><br \/>\n\t\t<\/span><\/div>\n<div class=\"sow-form-field sow-form-field-subject\"><label class=\"sow-form-field-label-above\" for=\"sow-contact-form-field-subject-5873e77c1f309\"><strong>Subject<\/strong><\/label><br \/>\n\t\t\t<span class=\"sow-field-container\"><br \/>\n\t\t<\/span><\/div>\n<div class=\"sow-form-field sow-form-field-textarea\"><label class=\"sow-form-field-label-above\" for=\"sow-contact-form-field-message-5873e77c1f309\"><strong>Message<\/strong><\/label><br \/>\n\t\t\t<span class=\"sow-field-container\">\t\t<textarea name=\"message-5873e77c1f309\" id=\"sow-contact-form-field-message-5873e77c1f309\" rows=\"10\"><\/textarea><br \/>\n\t\t<\/span><\/div>\n<div class=\"sow-submit-wrapper sow-submit-styled\"><\/div>\n<\/p><\/form>\n<\/p><\/div>\n<\/div>\n<\/div>\n<\/div>\n<\/div>\n<\/div>\n<\/div>\n<\/div>\n<\/div>\n<\/div>\n<\/div>\n<\/div>\n<\/div>\n","protected":false},"excerpt":{"rendered":"<p>CURIMO A Curimo foi fundada em 1995. Possui uma equipa experiente, composta por t\u00e9cnicos qualificados co\u00a0 diferentes graus de forma\u00e7\u00e3o e especializa\u00e7\u00e3o. FALE CONNOSCO CURIMO A Curimo presta servi\u00e7os de&#8230;. SERVI\u00c7OS bbbbb 1 2 SERVI\u00c7OS servi\u00e7os CURIMO&#8230;. SERVI\u00c7OS 1 Lorem ipsum dolor sit amet, consectetur adipiscing elit. Cur tantas regiones barbarorum pedibus obiit, tot maria&#8230;<\/p>\n","protected":false},"author":1,"featured_media":0,"parent":0,"menu_order":0,"comment_status":"closed","ping_status":"closed","template":"home-page.php","meta":{"footnotes":""},"_links":{"self":[{"href":"https:\/\/curimo.pt\/page\/wp-json\/wp\/v2\/pages\/766"}],"collection":[{"href":"https:\/\/curimo.pt\/page\/wp-json\/wp\/v2\/pages"}],"about":[{"href":"https:\/\/curimo.pt\/page\/wp-json\/wp\/v2\/types\/page"}],"author":[{"embeddable":true,"href":"https:\/\/curimo.pt\/page\/wp-json\/wp\/v2\/users\/1"}],"replies":[{"embeddable":true,"href":"https:\/\/curimo.pt\/page\/wp-json\/wp\/v2\/comments?post=766"}],"version-history":[{"count":0,"href":"https:\/\/curimo.pt\/page\/wp-json\/wp\/v2\/pages\/766\/revisions"}],"wp:attachment":[{"href":"https:\/\/curimo.pt\/page\/wp-json\/wp\/v2\/media?parent=766"}],"curies":[{"name":"wp","href":"https:\/\/api.w.org\/{rel}","templated":true}]}}